{"id":8916,"date":"2017-10-24T20:06:31","date_gmt":"2017-10-24T18:06:31","guid":{"rendered":"http:\/\/www.ginobaudino.it\/abbigliamento\/?page_id=8916"},"modified":"2018-09-25T17:12:17","modified_gmt":"2018-09-25T15:12:17","slug":"woolrich-donna-torino","status":"publish","type":"page","link":"https:\/\/www.ginobaudino.it\/abbigliamento\/woolrich-donna-torino\/","title":{"rendered":"Woolrich Donna Torino"},"content":{"rendered":"<section class=\"wpb-content-wrapper\"><p>[vc_row][vc_column width=&#8221;1\/4&#8243;][vc_single_image image=&#8221;1205&#8243; img_size=&#8221;large&#8221;][\/vc_column][vc_column width=&#8221;3\/4&#8243;][vc_column_text]Nel 1830 John\u00a0<strong>Rich<\/strong>\u00a0apr\u00ec il suo primo lanificio. In quegli anni il boom dela costruzione delle linee ferroviarie richiedeva moltissima manodopera cui Rich rispose con forniture adeguate di abbigliamento robusto, caldo e indistruttibile, secondo un imprinting che cento anni dopo ne decret\u00f2 il successo, con oltre 260 dipendenti.<\/p>\n<p>L\u2019italiana WP ebbe la sensazionale intuizione di capire la portata di quello che sarebbe divenuto il brand; oggi \u00e8 \u00a0tuttora un fenomeno di costume, un\u2019 idea che spos\u00f2 anche la\u00a0<strong>Gino Baudino<\/strong>, attrezzato dealer ufficiale sin dal secolo scorso, con ampie e collaudate proposte che riscuotono consensi anche per il rapporto qualit\u00e0\/prezzo, non solo per l\u2019immagine.<\/p>\n<p>Per quanto riguarda la donna, nelle ultime stagioni le vestibilit\u00e0 sono diventate molto aggiornate. Alcuni modelli come l&#8217;Arctic Parka dunque, sono divenuti di tendenza e molto giovanili. La collezione Woolrich \u00e8 per\u00f2 sempre molto ampia, e potrai trovare con facilit\u00e0 anche tagli pi\u00f9 morbidi.\u00a0[\/vc_column_text][vc_masonry_grid post_type=&#8221;post&#8221; max_items=&#8221;3&#8243; item=&#8221;basicGrid_SlideBottomWithIcon&#8221; grid_id=&#8221;vc_gid:1537888320361-5b0ba357-e348-3&#8243; taxonomies=&#8221;88&#8243;][vc_column_text]<\/p>\n<h3 style=\"text-align: center;\"><a href=\"https:\/\/www.ginobaudino.it\/abbigliamento\/woolrich-donna-articoli\">Visualizza altri articoli dello stesso brand<\/a><\/h3>\n<p>[\/vc_column_text][\/vc_column][\/vc_row]<\/p>\n<\/section>","protected":false},"excerpt":{"rendered":"<p>[vc_row][vc_column width=&#8221;1\/4&#8243;][vc_single_image image=&#8221;1205&#8243; img_size=&#8221;large&#8221;][\/vc_column][vc_column width=&#8221;3\/4&#8243;][vc_column_text]Nel 1830 John\u00a0Rich\u00a0apr\u00ec il suo primo lanificio. In quegli anni il boom dela costruzione delle linee ferroviarie richiedeva moltissima manodopera cui Rich rispose con forniture adeguate di abbigliamento robusto, caldo e indistruttibile, secondo un imprinting che cento anni dopo ne decret\u00f2 il successo, con oltre 260 dipendenti. L\u2019italiana WP ebbe la [&hellip;]<\/p>\n","protected":false},"author":1,"featured_media":0,"parent":0,"menu_order":0,"comment_status":"closed","ping_status":"closed","template":"","meta":{"footnotes":""},"class_list":["post-8916","page","type-page","status-publish","hentry"],"yoast_head":"<!-- This site is optimized with the Yoast SEO plugin v27.4 - https:\/\/yoast.com\/product\/yoast-seo-wordpress\/ -->\n<title>Woolrich Donna Torino | Le nuove collezioni Woolrich da Gino Baudino<\/title>\n<meta name=\"description\" content=\"Woolrich Donna Torino : dallo storico Arctic parka slim fit ai modelli delle nuove collezioni, scopri le tantissime proposte Woolrich da Gino Baudino\" \/>\n<meta name=\"robots\" content=\"index, follow, max-snippet:-1, max-image-preview:large, max-video-preview:-1\" \/>\n<link rel=\"canonical\" href=\"https:\/\/www.ginobaudino.it\/abbigliamento\/woolrich-donna-torino\/\" \/>\n<meta property=\"og:locale\" content=\"it_IT\" \/>\n<meta property=\"og:type\" content=\"article\" \/>\n<meta property=\"og:title\" content=\"Woolrich Donna Torino | Le nuove collezioni Woolrich da Gino Baudino\" \/>\n<meta property=\"og:description\" content=\"Woolrich Donna Torino : dallo storico Arctic parka slim fit ai modelli delle nuove collezioni, scopri le tantissime proposte Woolrich da Gino Baudino\" \/>\n<meta property=\"og:url\" content=\"https:\/\/www.ginobaudino.it\/abbigliamento\/woolrich-donna-torino\/\" \/>\n<meta property=\"og:site_name\" content=\"Abbigliamento Torino\" \/>\n<meta property=\"article:modified_time\" content=\"2018-09-25T15:12:17+00:00\" \/>\n<meta name=\"twitter:card\" content=\"summary_large_image\" \/>\n<meta name=\"twitter:label1\" content=\"Tempo di lettura stimato\" \/>\n\t<meta name=\"twitter:data1\" content=\"1 minuto\" \/>\n<script type=\"application\/ld+json\" class=\"yoast-schema-graph\">{\"@context\":\"https:\\\/\\\/schema.org\",\"@graph\":[{\"@type\":\"WebPage\",\"@id\":\"https:\\\/\\\/www.ginobaudino.it\\\/abbigliamento\\\/woolrich-donna-torino\\\/\",\"url\":\"https:\\\/\\\/www.ginobaudino.it\\\/abbigliamento\\\/woolrich-donna-torino\\\/\",\"name\":\"Woolrich Donna Torino | Le nuove collezioni Woolrich da Gino Baudino\",\"isPartOf\":{\"@id\":\"https:\\\/\\\/www.ginobaudino.it\\\/abbigliamento\\\/#website\"},\"datePublished\":\"2017-10-24T18:06:31+00:00\",\"dateModified\":\"2018-09-25T15:12:17+00:00\",\"description\":\"Woolrich Donna Torino : dallo storico Arctic parka slim fit ai modelli delle nuove collezioni, scopri le tantissime proposte Woolrich da Gino Baudino\",\"breadcrumb\":{\"@id\":\"https:\\\/\\\/www.ginobaudino.it\\\/abbigliamento\\\/woolrich-donna-torino\\\/#breadcrumb\"},\"inLanguage\":\"it-IT\",\"potentialAction\":[{\"@type\":\"ReadAction\",\"target\":[\"https:\\\/\\\/www.ginobaudino.it\\\/abbigliamento\\\/woolrich-donna-torino\\\/\"]}]},{\"@type\":\"BreadcrumbList\",\"@id\":\"https:\\\/\\\/www.ginobaudino.it\\\/abbigliamento\\\/woolrich-donna-torino\\\/#breadcrumb\",\"itemListElement\":[{\"@type\":\"ListItem\",\"position\":1,\"name\":\"Home\",\"item\":\"https:\\\/\\\/www.ginobaudino.it\\\/abbigliamento\\\/\"},{\"@type\":\"ListItem\",\"position\":2,\"name\":\"Woolrich Donna Torino\"}]},{\"@type\":\"WebSite\",\"@id\":\"https:\\\/\\\/www.ginobaudino.it\\\/abbigliamento\\\/#website\",\"url\":\"https:\\\/\\\/www.ginobaudino.it\\\/abbigliamento\\\/\",\"name\":\"Abbigliamento Torino\",\"description\":\"Abbigliamento uomo, donna e accessori\",\"potentialAction\":[{\"@type\":\"SearchAction\",\"target\":{\"@type\":\"EntryPoint\",\"urlTemplate\":\"https:\\\/\\\/www.ginobaudino.it\\\/abbigliamento\\\/?s={search_term_string}\"},\"query-input\":{\"@type\":\"PropertyValueSpecification\",\"valueRequired\":true,\"valueName\":\"search_term_string\"}}],\"inLanguage\":\"it-IT\"}]}<\/script>\n<!-- \/ Yoast SEO plugin. -->","yoast_head_json":{"title":"Woolrich Donna Torino | Le nuove collezioni Woolrich da Gino Baudino","description":"Woolrich Donna Torino : dallo storico Arctic parka slim fit ai modelli delle nuove collezioni, scopri le tantissime proposte Woolrich da Gino Baudino","robots":{"index":"index","follow":"follow","max-snippet":"max-snippet:-1","max-image-preview":"max-image-preview:large","max-video-preview":"max-video-preview:-1"},"canonical":"https:\/\/www.ginobaudino.it\/abbigliamento\/woolrich-donna-torino\/","og_locale":"it_IT","og_type":"article","og_title":"Woolrich Donna Torino | Le nuove collezioni Woolrich da Gino Baudino","og_description":"Woolrich Donna Torino : dallo storico Arctic parka slim fit ai modelli delle nuove collezioni, scopri le tantissime proposte Woolrich da Gino Baudino","og_url":"https:\/\/www.ginobaudino.it\/abbigliamento\/woolrich-donna-torino\/","og_site_name":"Abbigliamento Torino","article_modified_time":"2018-09-25T15:12:17+00:00","twitter_card":"summary_large_image","twitter_misc":{"Tempo di lettura stimato":"1 minuto"},"schema":{"@context":"https:\/\/schema.org","@graph":[{"@type":"WebPage","@id":"https:\/\/www.ginobaudino.it\/abbigliamento\/woolrich-donna-torino\/","url":"https:\/\/www.ginobaudino.it\/abbigliamento\/woolrich-donna-torino\/","name":"Woolrich Donna Torino | Le nuove collezioni Woolrich da Gino Baudino","isPartOf":{"@id":"https:\/\/www.ginobaudino.it\/abbigliamento\/#website"},"datePublished":"2017-10-24T18:06:31+00:00","dateModified":"2018-09-25T15:12:17+00:00","description":"Woolrich Donna Torino : dallo storico Arctic parka slim fit ai modelli delle nuove collezioni, scopri le tantissime proposte Woolrich da Gino Baudino","breadcrumb":{"@id":"https:\/\/www.ginobaudino.it\/abbigliamento\/woolrich-donna-torino\/#breadcrumb"},"inLanguage":"it-IT","potentialAction":[{"@type":"ReadAction","target":["https:\/\/www.ginobaudino.it\/abbigliamento\/woolrich-donna-torino\/"]}]},{"@type":"BreadcrumbList","@id":"https:\/\/www.ginobaudino.it\/abbigliamento\/woolrich-donna-torino\/#breadcrumb","itemListElement":[{"@type":"ListItem","position":1,"name":"Home","item":"https:\/\/www.ginobaudino.it\/abbigliamento\/"},{"@type":"ListItem","position":2,"name":"Woolrich Donna Torino"}]},{"@type":"WebSite","@id":"https:\/\/www.ginobaudino.it\/abbigliamento\/#website","url":"https:\/\/www.ginobaudino.it\/abbigliamento\/","name":"Abbigliamento Torino","description":"Abbigliamento uomo, donna e accessori","potentialAction":[{"@type":"SearchAction","target":{"@type":"EntryPoint","urlTemplate":"https:\/\/www.ginobaudino.it\/abbigliamento\/?s={search_term_string}"},"query-input":{"@type":"PropertyValueSpecification","valueRequired":true,"valueName":"search_term_string"}}],"inLanguage":"it-IT"}]}},"_links":{"self":[{"href":"https:\/\/www.ginobaudino.it\/abbigliamento\/wp-json\/wp\/v2\/pages\/8916","targetHints":{"allow":["GET"]}}],"collection":[{"href":"https:\/\/www.ginobaudino.it\/abbigliamento\/wp-json\/wp\/v2\/pages"}],"about":[{"href":"https:\/\/www.ginobaudino.it\/abbigliamento\/wp-json\/wp\/v2\/types\/page"}],"author":[{"embeddable":true,"href":"https:\/\/www.ginobaudino.it\/abbigliamento\/wp-json\/wp\/v2\/users\/1"}],"replies":[{"embeddable":true,"href":"https:\/\/www.ginobaudino.it\/abbigliamento\/wp-json\/wp\/v2\/comments?post=8916"}],"version-history":[{"count":11,"href":"https:\/\/www.ginobaudino.it\/abbigliamento\/wp-json\/wp\/v2\/pages\/8916\/revisions"}],"predecessor-version":[{"id":10411,"href":"https:\/\/www.ginobaudino.it\/abbigliamento\/wp-json\/wp\/v2\/pages\/8916\/revisions\/10411"}],"wp:attachment":[{"href":"https:\/\/www.ginobaudino.it\/abbigliamento\/wp-json\/wp\/v2\/media?parent=8916"}],"curies":[{"name":"wp","href":"https:\/\/api.w.org\/{rel}","templated":true}]}}